{"id":17259,"date":"2026-05-01T12:11:30","date_gmt":"2026-05-01T12:11:30","guid":{"rendered":"https:\/\/thomaswittwer.ch\/?page_id=17259"},"modified":"2026-05-01T12:11:30","modified_gmt":"2026-05-01T12:11:30","slug":"gaerten-und-schloesser-suedenglands-25-4-1-5-26","status":"publish","type":"page","link":"https:\/\/thomaswittwer.ch\/index.php\/gaerten-und-schloesser-suedenglands-25-4-1-5-26\/","title":{"rendered":"G\u00e4rten und Schl\u00f6sser S\u00fcdenglands 25.4 &#8211; 1.5.26"},"content":{"rendered":"","protected":false},"excerpt":{"rendered":"","protected":false},"author":1,"featured_media":0,"parent":0,"menu_order":0,"comment_status":"closed","ping_status":"closed","template":"","meta":{"footnotes":""},"class_list":["post-17259","page","type-page","status-publish","hentry"],"jetpack_sharing_enabled":true,"jetpack_shortlink":"https:\/\/wp.me\/P7k9NF-4un","_links":{"self":[{"href":"https:\/\/thomaswittwer.ch\/index.php\/wp-json\/wp\/v2\/pages\/17259","targetHints":{"allow":["GET"]}}],"collection":[{"href":"https:\/\/thomaswittwer.ch\/index.php\/wp-json\/wp\/v2\/pages"}],"about":[{"href":"https:\/\/thomaswittwer.ch\/index.php\/wp-json\/wp\/v2\/types\/page"}],"author":[{"embeddable":true,"href":"https:\/\/thomaswittwer.ch\/index.php\/wp-json\/wp\/v2\/users\/1"}],"replies":[{"embeddable":true,"href":"https:\/\/thomaswittwer.ch\/index.php\/wp-json\/wp\/v2\/comments?post=17259"}],"version-history":[{"count":1,"href":"https:\/\/thomaswittwer.ch\/index.php\/wp-json\/wp\/v2\/pages\/17259\/revisions"}],"predecessor-version":[{"id":17262,"href":"https:\/\/thomaswittwer.ch\/index.php\/wp-json\/wp\/v2\/pages\/17259\/revisions\/17262"}],"wp:attachment":[{"href":"https:\/\/thomaswittwer.ch\/index.php\/wp-json\/wp\/v2\/media?parent=17259"}],"curies":[{"name":"wp","href":"https:\/\/api.w.org\/{rel}","templated":true}]}}